{"id":3,"date":"2026-05-10T08:45:00","date_gmt":"2026-05-10T08:45:00","guid":{"rendered":"http:\/\/brandstyle.hu\/ecoart\/?page_id=3"},"modified":"2026-05-10T14:34:52","modified_gmt":"2026-05-10T14:34:52","slug":"privacy-policy","status":"publish","type":"page","link":"https:\/\/brandstyle.hu\/ecoart\/privacy-policy\/","title":{"rendered":"Privacy Policy"},"content":{"rendered":"\n<h2 class=\"wp-block-heading\">Kik vagyunk<\/h2>\n\n\n\n<p> Weboldalunk c\u00edme: http:\/\/brandstyle.hu\/ecoart.<\/p>\n\n\n\n<p>Hozz\u00e1sz\u00f3l\u00e1sok<\/p>\n\n\n\n<p> Amikor a l\u00e1togat\u00f3k hozz\u00e1sz\u00f3l\u00e1st hagynak az oldalon, \u00f6sszegy\u0171jtj\u00fck a hozz\u00e1sz\u00f3l\u00e1s \u0171rlapj\u00e1n megjelen\u00edtett adatokat, valamint a l\u00e1togat\u00f3 IP-c\u00edm\u00e9t \u00e9s b\u00f6ng\u00e9sz\u0151 felhaszn\u00e1l\u00f3i \u00fcgyn\u00f6k karakterl\u00e1nc\u00e1t a spam \u00e9szlel\u00e9s\u00e9nek el\u0151seg\u00edt\u00e9se \u00e9rdek\u00e9ben.<\/p>\n\n\n\n<p>Az e-mail c\u00edm\u00e9b\u0151l l\u00e9trehozott anonim karakterl\u00e1ncot (m\u00e1s n\u00e9ven hash-t) \u00e1tadhatjuk a Gravatar szolg\u00e1ltat\u00e1snak, hogy l\u00e1ssuk, haszn\u00e1lja-e azt. A Gravatar szolg\u00e1ltat\u00e1s adatv\u00e9delmi szab\u00e1lyzata itt \u00e9rhet\u0151 el: https:\/\/automattic.com\/privacy\/. Hozz\u00e1sz\u00f3l\u00e1s\u00e1nak j\u00f3v\u00e1hagy\u00e1sa ut\u00e1n a profilk\u00e9pe nyilv\u00e1nosan l\u00e1that\u00f3v\u00e1 v\u00e1lik a hozz\u00e1sz\u00f3l\u00e1s kontextus\u00e1ban.<\/p>\n\n\n\n<p>M\u00e9dia<\/p>\n\n\n\n<p> Ha k\u00e9peket t\u00f6lt fel a weboldalra, ker\u00fclje a be\u00e1gyazott helyadatokat (EXIF GPS) tartalmaz\u00f3 k\u00e9pek felt\u00f6lt\u00e9s\u00e9t. A weboldal l\u00e1togat\u00f3i let\u00f6lthetik \u00e9s kinyerhetik a helyadatokat a weboldalon tal\u00e1lhat\u00f3 k\u00e9pekb\u0151l.<\/p>\n\n\n\n<p>S\u00fctik<\/p>\n\n\n\n<p> Ha hozz\u00e1sz\u00f3l\u00e1st hagy az oldalunkon, enged\u00e9lyezheti nev\u00e9nek, e-mail c\u00edm\u00e9nek \u00e9s webhely\u00e9nek s\u00fctikben t\u00f6rt\u00e9n\u0151 ment\u00e9s\u00e9t. Ezek a k\u00e9nyelmedet szolg\u00e1lj\u00e1k, hogy ne kelljen \u00fajra kit\u00f6ltened az adataidat, amikor \u00fajabb hozz\u00e1sz\u00f3l\u00e1st \u00edrsz. Ezek a s\u00fctik egy \u00e9vig \u00e9rv\u00e9nyesek.<\/p>\n\n\n\n<p>Ha ell\u00e1togatsz a bejelentkez\u00e9si oldalunkra, be\u00e1ll\u00edtunk egy ideiglenes s\u00fctit annak meg\u00e1llap\u00edt\u00e1s\u00e1ra, hogy a b\u00f6ng\u00e9sz\u0151d elfogadja-e a s\u00fctiket. Ez a s\u00fcti nem tartalmaz szem\u00e9lyes adatokat, \u00e9s a b\u00f6ng\u00e9sz\u0151 bez\u00e1r\u00e1sakor t\u00f6rl\u0151dik.<\/p>\n\n\n\n<p>Bejelentkez\u00e9skor t\u00f6bb s\u00fctit is be\u00e1ll\u00edtunk a bejelentkez\u00e9si adataid \u00e9s a k\u00e9perny\u0151kijelz\u00e9si be\u00e1ll\u00edt\u00e1said ment\u00e9s\u00e9re. A bejelentkez\u00e9si s\u00fctik k\u00e9t napig, a k\u00e9perny\u0151be\u00e1ll\u00edt\u00e1si s\u00fctik pedig egy \u00e9vig \u00e9rv\u00e9nyesek. Ha a \u201eEml\u00e9kezz r\u00e1m\u201d lehet\u0151s\u00e9get v\u00e1lasztod, a bejelentkez\u00e9sed k\u00e9t h\u00e9tig marad meg. Ha kijelentkezel a fi\u00f3kodb\u00f3l, a bejelentkez\u00e9si s\u00fctik elt\u00e1vol\u00edt\u00e1sra ker\u00fclnek.<\/p>\n\n\n\n<p>Ha szerkesztesz vagy k\u00f6zz\u00e9teszel egy cikket, egy tov\u00e1bbi s\u00fcti ker\u00fcl ment\u00e9sre a b\u00f6ng\u00e9sz\u0151dben. Ez a s\u00fcti nem tartalmaz szem\u00e9lyes adatokat, \u00e9s egyszer\u0171en az \u00e9ppen szerkesztett cikk bejegyz\u00e9sazonos\u00edt\u00f3j\u00e1t jelzi. 1 nap ut\u00e1n lej\u00e1r.<\/p>\n\n\n\n<p>Be\u00e1gyazott tartalom m\u00e1s weboldalakr\u00f3l<\/p>\n\n\n\n<p>Az ezen az oldalon tal\u00e1lhat\u00f3 cikkek tartalmazhatnak be\u00e1gyazott tartalmat (pl. vide\u00f3k, k\u00e9pek, cikkek stb.). M\u00e1s weboldalakr\u00f3l be\u00e1gyazott tartalom pontosan ugyan\u00fagy viselkedik, mintha a l\u00e1togat\u00f3 megl\u00e1togatta volna a m\u00e1sik weboldalt.<\/p>\n\n\n\n<p>Ezek a weboldalak adatokat gy\u0171jthetnek \u00d6nr\u0151l, s\u00fctiket haszn\u00e1lhatnak, tov\u00e1bbi harmadik f\u00e9lt\u0151l sz\u00e1rmaz\u00f3 nyomk\u00f6vet\u0151ket \u00e1gyazhatnak be, \u00e9s figyelemmel k\u00eds\u00e9rhetik az \u00d6n interakci\u00f3j\u00e1t a be\u00e1gyazott tartalommal, bele\u00e9rtve a be\u00e1gyazott tartalommal val\u00f3 interakci\u00f3 nyomon k\u00f6vet\u00e9s\u00e9t is, ha van fi\u00f3kja, \u00e9s be van jelentkezve az adott weboldalra.<\/p>\n\n\n\n<p>Kivel osztjuk meg az adatait?<\/p>\n\n\n\n<p> Ha jelsz\u00f3-vissza\u00e1ll\u00edt\u00e1st k\u00e9r, az IP-c\u00edme szerepelni fog a vissza\u00e1ll\u00edt\u00e1si e-mailben.<\/p>\n\n\n\n<p>Meddig \u0151rizz\u00fck meg az adatait?<\/p>\n\n\n\n<p> Ha hozz\u00e1sz\u00f3l\u00e1st hagy, a hozz\u00e1sz\u00f3l\u00e1s \u00e9s metaadatai hat\u00e1rozatlan ideig megmaradnak. Ez az\u00e9rt van, hogy automatikusan felismerhess\u00fck \u00e9s j\u00f3v\u00e1hagyhassuk a tov\u00e1bbi hozz\u00e1sz\u00f3l\u00e1sokat ahelyett, hogy moder\u00e1l\u00e1si sorban tartan\u00e1nk \u0151ket.<\/p>\n\n\n\n<p>A weboldalunkon regisztr\u00e1l\u00f3 felhaszn\u00e1l\u00f3k (ha vannak ilyenek) szem\u00e9lyes adatait a felhaszn\u00e1l\u00f3i profiljukban is t\u00e1roljuk. Minden felhaszn\u00e1l\u00f3 b\u00e1rmikor megtekintheti, szerkesztheti vagy t\u00f6r\u00f6lheti szem\u00e9lyes adatait (kiv\u00e9ve, hogy nem m\u00f3dos\u00edthatj\u00e1k a felhaszn\u00e1l\u00f3nev\u00fcket). A weboldal adminisztr\u00e1torai szint\u00e9n megtekinthetik \u00e9s szerkeszthetik ezeket az inform\u00e1ci\u00f3kat.<\/p>\n\n\n\n<p>Milyen jogai vannak az adataival kapcsolatban?<\/p>\n\n\n\n<p> Ha van fi\u00f3kja ezen az oldalon, vagy hozz\u00e1sz\u00f3l\u00e1sokat hagyott, k\u00e9rheti, hogy export\u00e1lt f\u00e1jlban kapja meg az \u00d6nr\u0151l t\u00e1rolt szem\u00e9lyes adatait, bele\u00e9rtve az \u00d6n \u00e1ltal megadott adatokat is. Azt is k\u00e9rheti, hogy t\u00f6r\u00f6lj\u00fck az \u00d6nr\u0151l t\u00e1rolt szem\u00e9lyes adatait. Ez nem vonatkozik azokra az adatokra, amelyeket adminisztrat\u00edv, jogi vagy biztons\u00e1gi okokb\u00f3l k\u00f6telesek vagyunk meg\u0151rizni.<\/p>\n\n\n\n<p>Hov\u00e1 k\u00fcldj\u00fck az adatait?<\/p>\n\n\n\n<p> A l\u00e1togat\u00f3k hozz\u00e1sz\u00f3l\u00e1sait egy automatiz\u00e1lt spam-\u00e9szlel\u0151 szolg\u00e1ltat\u00e1s ellen\u0151rizheti.<\/p>\n","protected":false},"excerpt":{"rendered":"<p>Kik vagyunk Weboldalunk c\u00edme: http:\/\/brandstyle.hu\/ecoart. Hozz\u00e1sz\u00f3l\u00e1sok Amikor a l\u00e1togat\u00f3k hozz\u00e1sz\u00f3l\u00e1st hagynak az oldalon, \u00f6sszegy\u0171jtj\u00fck a hozz\u00e1sz\u00f3l\u00e1s \u0171rlapj\u00e1n megjelen\u00edtett adatokat, valamint a l\u00e1togat\u00f3 IP-c\u00edm\u00e9t \u00e9s b\u00f6ng\u00e9sz\u0151 felhaszn\u00e1l\u00f3i \u00fcgyn\u00f6k karakterl\u00e1nc\u00e1t a spam&#8230;<\/p>\n","protected":false},"author":1,"featured_media":0,"parent":0,"menu_order":0,"comment_status":"closed","ping_status":"open","template":"","meta":{"_price":"","_stock":"","_tribe_ticket_header":"","_tribe_default_ticket_provider":"","_tribe_ticket_capacity":"0","_ticket_start_date":"","_ticket_end_date":"","_tribe_ticket_show_description":"","_tribe_ticket_show_not_going":false,"_tribe_ticket_use_global_stock":"","_tribe_ticket_global_stock_level":"","_global_stock_mode":"","_global_stock_cap":"","_tribe_rsvp_for_event":"","_tribe_ticket_going_count":"","_tribe_ticket_not_going_count":"","_tribe_tickets_list":"[]","_tribe_ticket_has_attendee_info_fields":false,"_EventAllDay":false,"_EventTimezone":"","_EventStartDate":"","_EventEndDate":"","_EventStartDateUTC":"","_EventEndDateUTC":"","_EventShowMap":false,"_EventShowMapLink":false,"_EventURL":"","_EventCost":"","_EventCostDescription":"","_EventCurrencySymbol":"","_EventCurrencyCode":"","_EventCurrencyPosition":"","_EventDateTimeSeparator":"","_EventTimeRangeSeparator":"","_EventOrganizerID":[],"_EventVenueID":[],"_OrganizerEmail":"","_OrganizerPhone":"","_OrganizerWebsite":"","_VenueAddress":"","_VenueCity":"","_VenueCountry":"","_VenueProvince":"","_VenueState":"","_VenueZip":"","_VenuePhone":"","_VenueURL":"","_VenueStateProvince":"","_VenueLat":"","_VenueLng":"","_VenueShowMap":false,"_VenueShowMapLink":false,"_kadence_starter_templates_imported_post":false,"_kad_post_transparent":"","_kad_post_title":"","_kad_post_layout":"","_kad_post_sidebar_id":"","_kad_post_content_style":"","_kad_post_vertical_padding":"","_kad_post_feature":"","_kad_post_feature_position":"","_kad_post_header":false,"_kad_post_footer":false,"_kad_post_classname":"","footnotes":"","_tec_slr_enabled":"","_tec_slr_layout":""},"class_list":["post-3","page","type-page","status-publish","hentry"],"yoast_head":"<!-- This site is optimized with the Yoast SEO plugin v27.5 - https:\/\/yoast.com\/product\/yoast-seo-wordpress\/ -->\n<title>Privacy Policy - EcoArt<\/title>\n<meta name=\"robots\" content=\"index, follow, max-snippet:-1, max-image-preview:large, max-video-preview:-1\" \/>\n<link rel=\"canonical\" href=\"https:\/\/brandstyle.hu\/ecoart\/privacy-policy\/\" \/>\n<meta property=\"og:locale\" content=\"hu_HU\" \/>\n<meta property=\"og:type\" content=\"article\" \/>\n<meta property=\"og:title\" content=\"Privacy Policy - EcoArt\" \/>\n<meta property=\"og:description\" content=\"Kik vagyunk Weboldalunk c\u00edme: http:\/\/brandstyle.hu\/ecoart. Hozz\u00e1sz\u00f3l\u00e1sok Amikor a l\u00e1togat\u00f3k hozz\u00e1sz\u00f3l\u00e1st hagynak az oldalon, \u00f6sszegy\u0171jtj\u00fck a hozz\u00e1sz\u00f3l\u00e1s \u0171rlapj\u00e1n megjelen\u00edtett adatokat, valamint a l\u00e1togat\u00f3 IP-c\u00edm\u00e9t \u00e9s b\u00f6ng\u00e9sz\u0151 felhaszn\u00e1l\u00f3i \u00fcgyn\u00f6k karakterl\u00e1nc\u00e1t a spam...\" \/>\n<meta property=\"og:url\" content=\"https:\/\/brandstyle.hu\/ecoart\/privacy-policy\/\" \/>\n<meta property=\"og:site_name\" content=\"EcoArt\" \/>\n<meta property=\"article:modified_time\" content=\"2026-05-10T14:34:52+00:00\" \/>\n<meta name=\"twitter:card\" content=\"summary_large_image\" \/>\n<meta name=\"twitter:label1\" content=\"Becs\u00fclt olvas\u00e1si id\u0151\" \/>\n\t<meta name=\"twitter:data1\" content=\"3 perc\" \/>\n<script type=\"application\/ld+json\" class=\"yoast-schema-graph\">{\"@context\":\"https:\\\/\\\/schema.org\",\"@graph\":[{\"@type\":\"WebPage\",\"@id\":\"https:\\\/\\\/brandstyle.hu\\\/ecoart\\\/privacy-policy\\\/\",\"url\":\"https:\\\/\\\/brandstyle.hu\\\/ecoart\\\/privacy-policy\\\/\",\"name\":\"Privacy Policy - EcoArt\",\"isPartOf\":{\"@id\":\"https:\\\/\\\/brandstyle.hu\\\/ecoart\\\/#website\"},\"datePublished\":\"2026-05-10T08:45:00+00:00\",\"dateModified\":\"2026-05-10T14:34:52+00:00\",\"breadcrumb\":{\"@id\":\"https:\\\/\\\/brandstyle.hu\\\/ecoart\\\/privacy-policy\\\/#breadcrumb\"},\"inLanguage\":\"hu\",\"potentialAction\":[{\"@type\":\"ReadAction\",\"target\":[\"https:\\\/\\\/brandstyle.hu\\\/ecoart\\\/privacy-policy\\\/\"]}]},{\"@type\":\"BreadcrumbList\",\"@id\":\"https:\\\/\\\/brandstyle.hu\\\/ecoart\\\/privacy-policy\\\/#breadcrumb\",\"itemListElement\":[{\"@type\":\"ListItem\",\"position\":1,\"name\":\"Kezd\u0151lap\",\"item\":\"https:\\\/\\\/brandstyle.hu\\\/ecoart\\\/\"},{\"@type\":\"ListItem\",\"position\":2,\"name\":\"Privacy Policy\"}]},{\"@type\":\"WebSite\",\"@id\":\"https:\\\/\\\/brandstyle.hu\\\/ecoart\\\/#website\",\"url\":\"https:\\\/\\\/brandstyle.hu\\\/ecoart\\\/\",\"name\":\"EcoArt\",\"description\":\"M\u0171v\u00e9szet. K\u00f6z\u00f6ss\u00e9g. Fenntarthat\u00f3s\u00e1g. Veled.\",\"publisher\":{\"@id\":\"https:\\\/\\\/brandstyle.hu\\\/ecoart\\\/#organization\"},\"potentialAction\":[{\"@type\":\"SearchAction\",\"target\":{\"@type\":\"EntryPoint\",\"urlTemplate\":\"https:\\\/\\\/brandstyle.hu\\\/ecoart\\\/?s={search_term_string}\"},\"query-input\":{\"@type\":\"PropertyValueSpecification\",\"valueRequired\":true,\"valueName\":\"search_term_string\"}}],\"inLanguage\":\"hu\"},{\"@type\":\"Organization\",\"@id\":\"https:\\\/\\\/brandstyle.hu\\\/ecoart\\\/#organization\",\"name\":\"EcoArt\",\"url\":\"https:\\\/\\\/brandstyle.hu\\\/ecoart\\\/\",\"logo\":{\"@type\":\"ImageObject\",\"inLanguage\":\"hu\",\"@id\":\"https:\\\/\\\/brandstyle.hu\\\/ecoart\\\/#\\\/schema\\\/logo\\\/image\\\/\",\"url\":\"https:\\\/\\\/brandstyle.hu\\\/ecoart\\\/wp-content\\\/uploads\\\/2026\\\/05\\\/cropped-hn-1.png\",\"contentUrl\":\"https:\\\/\\\/brandstyle.hu\\\/ecoart\\\/wp-content\\\/uploads\\\/2026\\\/05\\\/cropped-hn-1.png\",\"width\":500,\"height\":500,\"caption\":\"EcoArt\"},\"image\":{\"@id\":\"https:\\\/\\\/brandstyle.hu\\\/ecoart\\\/#\\\/schema\\\/logo\\\/image\\\/\"}}]}<\/script>\n<!-- \/ Yoast SEO plugin. -->","yoast_head_json":{"title":"Privacy Policy - EcoArt","robots":{"index":"index","follow":"follow","max-snippet":"max-snippet:-1","max-image-preview":"max-image-preview:large","max-video-preview":"max-video-preview:-1"},"canonical":"https:\/\/brandstyle.hu\/ecoart\/privacy-policy\/","og_locale":"hu_HU","og_type":"article","og_title":"Privacy Policy - EcoArt","og_description":"Kik vagyunk Weboldalunk c\u00edme: http:\/\/brandstyle.hu\/ecoart. Hozz\u00e1sz\u00f3l\u00e1sok Amikor a l\u00e1togat\u00f3k hozz\u00e1sz\u00f3l\u00e1st hagynak az oldalon, \u00f6sszegy\u0171jtj\u00fck a hozz\u00e1sz\u00f3l\u00e1s \u0171rlapj\u00e1n megjelen\u00edtett adatokat, valamint a l\u00e1togat\u00f3 IP-c\u00edm\u00e9t \u00e9s b\u00f6ng\u00e9sz\u0151 felhaszn\u00e1l\u00f3i \u00fcgyn\u00f6k karakterl\u00e1nc\u00e1t a spam...","og_url":"https:\/\/brandstyle.hu\/ecoart\/privacy-policy\/","og_site_name":"EcoArt","article_modified_time":"2026-05-10T14:34:52+00:00","twitter_card":"summary_large_image","twitter_misc":{"Becs\u00fclt olvas\u00e1si id\u0151":"3 perc"},"schema":{"@context":"https:\/\/schema.org","@graph":[{"@type":"WebPage","@id":"https:\/\/brandstyle.hu\/ecoart\/privacy-policy\/","url":"https:\/\/brandstyle.hu\/ecoart\/privacy-policy\/","name":"Privacy Policy - EcoArt","isPartOf":{"@id":"https:\/\/brandstyle.hu\/ecoart\/#website"},"datePublished":"2026-05-10T08:45:00+00:00","dateModified":"2026-05-10T14:34:52+00:00","breadcrumb":{"@id":"https:\/\/brandstyle.hu\/ecoart\/privacy-policy\/#breadcrumb"},"inLanguage":"hu","potentialAction":[{"@type":"ReadAction","target":["https:\/\/brandstyle.hu\/ecoart\/privacy-policy\/"]}]},{"@type":"BreadcrumbList","@id":"https:\/\/brandstyle.hu\/ecoart\/privacy-policy\/#breadcrumb","itemListElement":[{"@type":"ListItem","position":1,"name":"Kezd\u0151lap","item":"https:\/\/brandstyle.hu\/ecoart\/"},{"@type":"ListItem","position":2,"name":"Privacy Policy"}]},{"@type":"WebSite","@id":"https:\/\/brandstyle.hu\/ecoart\/#website","url":"https:\/\/brandstyle.hu\/ecoart\/","name":"EcoArt","description":"M\u0171v\u00e9szet. K\u00f6z\u00f6ss\u00e9g. Fenntarthat\u00f3s\u00e1g. Veled.","publisher":{"@id":"https:\/\/brandstyle.hu\/ecoart\/#organization"},"potentialAction":[{"@type":"SearchAction","target":{"@type":"EntryPoint","urlTemplate":"https:\/\/brandstyle.hu\/ecoart\/?s={search_term_string}"},"query-input":{"@type":"PropertyValueSpecification","valueRequired":true,"valueName":"search_term_string"}}],"inLanguage":"hu"},{"@type":"Organization","@id":"https:\/\/brandstyle.hu\/ecoart\/#organization","name":"EcoArt","url":"https:\/\/brandstyle.hu\/ecoart\/","logo":{"@type":"ImageObject","inLanguage":"hu","@id":"https:\/\/brandstyle.hu\/ecoart\/#\/schema\/logo\/image\/","url":"https:\/\/brandstyle.hu\/ecoart\/wp-content\/uploads\/2026\/05\/cropped-hn-1.png","contentUrl":"https:\/\/brandstyle.hu\/ecoart\/wp-content\/uploads\/2026\/05\/cropped-hn-1.png","width":500,"height":500,"caption":"EcoArt"},"image":{"@id":"https:\/\/brandstyle.hu\/ecoart\/#\/schema\/logo\/image\/"}}]}},"ticketed":false,"_links":{"self":[{"href":"https:\/\/brandstyle.hu\/ecoart\/wp-json\/wp\/v2\/pages\/3","targetHints":{"allow":["GET"]}}],"collection":[{"href":"https:\/\/brandstyle.hu\/ecoart\/wp-json\/wp\/v2\/pages"}],"about":[{"href":"https:\/\/brandstyle.hu\/ecoart\/wp-json\/wp\/v2\/types\/page"}],"author":[{"embeddable":true,"href":"https:\/\/brandstyle.hu\/ecoart\/wp-json\/wp\/v2\/users\/1"}],"replies":[{"embeddable":true,"href":"https:\/\/brandstyle.hu\/ecoart\/wp-json\/wp\/v2\/comments?post=3"}],"version-history":[{"count":1,"href":"https:\/\/brandstyle.hu\/ecoart\/wp-json\/wp\/v2\/pages\/3\/revisions"}],"predecessor-version":[{"id":560,"href":"https:\/\/brandstyle.hu\/ecoart\/wp-json\/wp\/v2\/pages\/3\/revisions\/560"}],"wp:attachment":[{"href":"https:\/\/brandstyle.hu\/ecoart\/wp-json\/wp\/v2\/media?parent=3"}],"curies":[{"name":"wp","href":"https:\/\/api.w.org\/{rel}","templated":true}]}}